{"id":5,"date":"2020-02-28T17:17:57","date_gmt":"2020-02-28T17:17:57","guid":{"rendered":"http:\/\/alexandregallery.eu\/?page_id=5"},"modified":"2020-05-12T11:41:48","modified_gmt":"2020-05-12T11:41:48","slug":"bemutatkozas","status":"publish","type":"page","link":"http:\/\/alexandregallery.eu\/en\/","title":{"rendered":"Alexandre \u2013 Wood Mosaic and Marquetry Artworks"},"content":{"rendered":"<p style=\"font-size:26px\" class=\"has-text-align-center\">Dear Visitor, You\u2019re welcome to my homepage!<\/p>\n\n\n\n<div style=\"height:40px\" aria-hidden=\"true\" class=\"wp-block-spacer\"><\/div>\n\n\n\n<p>My name is S\u00e1ndor P\u00e1lfi, I was born in Szeged \u2013 in the City of Sunshine. I have been in tight connection with nature since my childhood. I was always fascinated by variety of plants \u2013 especially by trees. I was thinking a lot about how could I show the intrinsic values, rich colours, structures and also the light effects of wood.  <\/p>\n\n\n\n<p class=\"has-text-align-left\">Because of the whims of life, I have found myself in the wood industry and worked in it for a few years.  I had the opportunity to met someone who explained the basics of wood marquetry to me. This was such an inspiration, that made me learning more about this technique and improve my skills by myself.  My artworks were the result of this process, whereby I would like to showcase the impressive diversity of wood. <\/p>\n\n\n\n<p class=\"has-text-align-left\">As an introduction, I would like to mention some of the beautiful and unique exotic trees, which I used for my artworks: afrormosia (<em>Pericopsis elata<\/em>), bubinga (<em>Guibourtia tessmannii<\/em>), avodire (<em>Turraeanthus africana<\/em>), padouk (<em>Pterocarpus soyauxii<\/em>), ocume (<em>Aucoumae klaineana<\/em>), paliszander (<em>Dalbergia<\/em> genus), anigre<em>Pouteria<\/em> genus), mahogany (basically: <em>Swietenia mahagoni<\/em>).<\/p>\n\n\n\n<div class=\"wp-block-image\"><figure class=\"aligncenter size-large\"><img loading=\"lazy\" decoding=\"async\" width=\"448\" height=\"313\" src=\"http:\/\/alexandregallery.eu\/wp-content\/uploads\/2020\/04\/fanyag-fot\u00f3-2.jpg\" alt=\"\" class=\"wp-image-77\" srcset=\"https:\/\/alexandregallery.eu\/wp-content\/uploads\/2020\/04\/fanyag-fot\u00f3-2.jpg 448w, https:\/\/alexandregallery.eu\/wp-content\/uploads\/2020\/04\/fanyag-fot\u00f3-2-300x210.jpg 300w\" sizes=\"(max-width: 448px) 100vw, 448px\" \/><\/figure><\/div>\n\n\n\n<p>Based on years of work and experience I feel, I have found that way of expression, which can faithfully reflect the origin and values of the wood. I can define this artistic method as a novel genre, a unique combination of mosaic and inlaid (marquetry) techniques. This is implemented by mosaic-like juxtaposition of wood (veneer) plates with different types, colours and structures; quasi creating itself the tree over and over again. The ancient marquetry technique also plays an important role, since the theme of the pictures is made with inlay. The artwork is formed by this duality of techniques, to which the natural beauty of the wood also contributes.  <\/p>\n\n\n\n<p>I hope sincerely, that my works carry off the interest in wood and nature. I wish you a good browsing on this site!<\/p>\n\n\n\n<div style=\"height:40px\" aria-hidden=\"true\" class=\"wp-block-spacer\"><\/div>\n\n\n\n<p>Best Regards, <\/p>\n\n\n\n<div class=\"wp-block-image\"><figure class=\"aligncenter size-large is-resized\"><img loading=\"lazy\" decoding=\"async\" src=\"http:\/\/alexandregallery.eu\/wp-content\/uploads\/2020\/04\/al\u00e1\u00edr\u00e1s-v\u00e9gl-1024x478.jpg\" alt=\"\" class=\"wp-image-80\" width=\"256\" height=\"120\" srcset=\"https:\/\/alexandregallery.eu\/wp-content\/uploads\/2020\/04\/al\u00e1\u00edr\u00e1s-v\u00e9gl-1024x478.jpg 1024w, https:\/\/alexandregallery.eu\/wp-content\/uploads\/2020\/04\/al\u00e1\u00edr\u00e1s-v\u00e9gl-300x140.jpg 300w, https:\/\/alexandregallery.eu\/wp-content\/uploads\/2020\/04\/al\u00e1\u00edr\u00e1s-v\u00e9gl-768x358.jpg 768w, https:\/\/alexandregallery.eu\/wp-content\/uploads\/2020\/04\/al\u00e1\u00edr\u00e1s-v\u00e9gl.jpg 1292w\" sizes=\"(max-width: 256px) 100vw, 256px\" \/><\/figure><\/div>\n\n\n\n<div style=\"height:50px\" aria-hidden=\"true\" class=\"wp-block-spacer\"><\/div>\n\n\n\n<p><\/p>","protected":false},"excerpt":{"rendered":"<p>Kedves L\u00e1togat\u00f3, \u00fcdv\u00f6z\u00f6llek a honlapomon! P\u00e1lfi S\u00e1ndor vagyok, Szegeden sz\u00fclettem &#8211; a Napf\u00e9ny V\u00e1ros\u00e1ban. M\u00e1r gyermekkoromt\u00f3l kezdve szoros kapcsolatban \u00e1llok a term\u00e9szettel; mindig leny\u0171g\u00f6z\u00f6tt a n\u00f6v\u00e9nyek, &#8211; k\u00fcl\u00f6n\u00f6sen a f\u00e1k \u2013v\u00e1ltozatoss\u00e1ga. Nagyon sokat elm\u00e9lkedtem azon, hogyan lehetne a fa bels\u0151 \u00e9rt\u00e9keit, gazdag sz\u00ednvil\u00e1g\u00e1t, szerkezet\u00e9t \u00e9s f\u00e9nyhat\u00e1sait bemutatni. Az \u00e9let szesz\u00e9lye [&hellip;]<\/p>","protected":false},"author":1,"featured_media":36,"parent":0,"menu_order":0,"comment_status":"closed","ping_status":"closed","template":"","meta":{"footnotes":""},"_links":{"self":[{"href":"http:\/\/alexandregallery.eu\/en\/wp-json\/wp\/v2\/pages\/5"}],"collection":[{"href":"http:\/\/alexandregallery.eu\/en\/wp-json\/wp\/v2\/pages"}],"about":[{"href":"http:\/\/alexandregallery.eu\/en\/wp-json\/wp\/v2\/types\/page"}],"author":[{"embeddable":true,"href":"http:\/\/alexandregallery.eu\/en\/wp-json\/wp\/v2\/users\/1"}],"replies":[{"embeddable":true,"href":"http:\/\/alexandregallery.eu\/en\/wp-json\/wp\/v2\/comments?post=5"}],"version-history":[{"count":20,"href":"http:\/\/alexandregallery.eu\/en\/wp-json\/wp\/v2\/pages\/5\/revisions"}],"predecessor-version":[{"id":486,"href":"http:\/\/alexandregallery.eu\/en\/wp-json\/wp\/v2\/pages\/5\/revisions\/486"}],"wp:featuredmedia":[{"embeddable":true,"href":"http:\/\/alexandregallery.eu\/en\/wp-json\/wp\/v2\/media\/36"}],"wp:attachment":[{"href":"http:\/\/alexandregallery.eu\/en\/wp-json\/wp\/v2\/media?parent=5"}],"curies":[{"name":"wp","href":"https:\/\/api.w.org\/{rel}","templated":true}]}}