{"id":29,"date":"2020-02-28T18:03:56","date_gmt":"2020-02-28T18:03:56","guid":{"rendered":"http:\/\/alexandregallery.eu\/?page_id=29"},"modified":"2020-05-12T11:41:22","modified_gmt":"2020-05-12T11:41:22","slug":"kapcsolat","status":"publish","type":"page","link":"http:\/\/alexandregallery.eu\/en\/kapcsolat\/","title":{"rendered":"Contact"},"content":{"rendered":"<figure class=\"wp-block-table is-style-regular\"><table class=\"has-fixed-layout\"><tbody><tr><td class=\"has-text-align-left\" data-align=\"left\"><strong>Telephone<\/strong><\/td><td><strong>E-mail<\/strong><\/td><\/tr><tr><td class=\"has-text-align-left\" data-align=\"left\"> + 36 62 675 231<\/td><td>palfis57@gmail.com <\/td><\/tr><tr><td class=\"has-text-align-left\" data-align=\"left\"> + 36 20 219 0248<\/td><td><\/td><\/tr><\/tbody><\/table><\/figure>\n\n\n\n<div style=\"height:50px\" aria-hidden=\"true\" class=\"wp-block-spacer\"><\/div>\n\n\n\n<p class=\"has-text-align-left\">Email contact is preferred if You are not familiar with Hungarian language.<\/p>\n\n\n\n<div style=\"height:50px\" aria-hidden=\"true\" class=\"wp-block-spacer\"><\/div>","protected":false},"excerpt":{"rendered":"<p>Telefon E-mail + 36 62 675 231 palfis57@gmail.com + 36 20 219 0248 K\u00e9rem, k\u00fclf\u00f6ldi \u00e9rdekl\u0151d\u0151 e-mailben keressen!<\/p>","protected":false},"author":1,"featured_media":0,"parent":0,"menu_order":0,"comment_status":"closed","ping_status":"closed","template":"","meta":{"footnotes":""},"_links":{"self":[{"href":"http:\/\/alexandregallery.eu\/en\/wp-json\/wp\/v2\/pages\/29"}],"collection":[{"href":"http:\/\/alexandregallery.eu\/en\/wp-json\/wp\/v2\/pages"}],"about":[{"href":"http:\/\/alexandregallery.eu\/en\/wp-json\/wp\/v2\/types\/page"}],"author":[{"embeddable":true,"href":"http:\/\/alexandregallery.eu\/en\/wp-json\/wp\/v2\/users\/1"}],"replies":[{"embeddable":true,"href":"http:\/\/alexandregallery.eu\/en\/wp-json\/wp\/v2\/comments?post=29"}],"version-history":[{"count":19,"href":"http:\/\/alexandregallery.eu\/en\/wp-json\/wp\/v2\/pages\/29\/revisions"}],"predecessor-version":[{"id":476,"href":"http:\/\/alexandregallery.eu\/en\/wp-json\/wp\/v2\/pages\/29\/revisions\/476"}],"wp:attachment":[{"href":"http:\/\/alexandregallery.eu\/en\/wp-json\/wp\/v2\/media?parent=29"}],"curies":[{"name":"wp","href":"https:\/\/api.w.org\/{rel}","templated":true}]}}