{"id":20,"date":"2020-02-28T17:56:47","date_gmt":"2020-02-28T17:56:47","guid":{"rendered":"http:\/\/alexandregallery.eu\/?page_id=20"},"modified":"2020-05-12T11:44:55","modified_gmt":"2020-05-12T11:44:55","slug":"referenciak","status":"publish","type":"page","link":"http:\/\/alexandregallery.eu\/en\/referenciak\/","title":{"rendered":"References"},"content":{"rendered":"<h1 class=\"has-text-align-center wp-block-heading\">Solo exhibitions<\/h1>\n\n\n\n<div style=\"height:50px\" aria-hidden=\"true\" class=\"wp-block-spacer\"><\/div>\n\n\n\n<div class=\"wp-block-columns is-layout-flex wp-container-core-columns-layout-1 wp-block-columns-is-layout-flex\">\n<div class=\"wp-block-column is-vertically-aligned-top is-layout-flow wp-block-column-is-layout-flow\">\n<p style=\"font-size:24px\"><strong>1998.10.19.<\/strong>- \u201eMarquetry and wood mosaic pictures\u201d Exhibition, H\u00f3dmez\u0151v\u00e1s\u00e1rhely, Hungary<\/p>\n\n\n\n<p class=\"has-text-align-left\"><strong><em>Press release of exhibition: <\/em><\/strong><\/p>\n\n\n\n<p class=\"has-text-align-left\">1998, D\u00e9lvil\u00e1g<strong> <\/strong> <\/p>\n\n\n\n<figure class=\"wp-block-image size-large\"><img loading=\"lazy\" decoding=\"async\" width=\"1024\" height=\"837\" src=\"http:\/\/alexandregallery.eu\/wp-content\/uploads\/2020\/04\/IMG_20191123_175443-t\u00f6m2-1-1024x837.jpg\" alt=\"\" class=\"wp-image-138\" srcset=\"https:\/\/alexandregallery.eu\/wp-content\/uploads\/2020\/04\/IMG_20191123_175443-t\u00f6m2-1-1024x837.jpg 1024w, https:\/\/alexandregallery.eu\/wp-content\/uploads\/2020\/04\/IMG_20191123_175443-t\u00f6m2-1-300x245.jpg 300w, https:\/\/alexandregallery.eu\/wp-content\/uploads\/2020\/04\/IMG_20191123_175443-t\u00f6m2-1-768x627.jpg 768w, https:\/\/alexandregallery.eu\/wp-content\/uploads\/2020\/04\/IMG_20191123_175443-t\u00f6m2-1.jpg 1289w\" sizes=\"(max-width: 1024px) 100vw, 1024px\" \/><\/figure>\n<\/div>\n\n\n\n<div class=\"wp-block-column is-layout-flow wp-block-column-is-layout-flow\">\n<figure class=\"wp-block-gallery columns-2 is-cropped wp-block-gallery-1 is-layout-flex wp-block-gallery-is-layout-flex\"><ul class=\"blocks-gallery-grid\"><li class=\"blocks-gallery-item\"><figure><img loading=\"lazy\" decoding=\"async\" width=\"667\" height=\"1024\" src=\"http:\/\/alexandregallery.eu\/wp-content\/uploads\/2020\/02\/IMG_20191123_173726-667x1024.jpg\" alt=\"\" data-id=\"21\" data-full-url=\"http:\/\/alexandregallery.eu\/wp-content\/uploads\/2020\/02\/IMG_20191123_173726-scaled.jpg\" data-link=\"http:\/\/alexandregallery.eu\/?attachment_id=21\" class=\"wp-image-21\" srcset=\"https:\/\/alexandregallery.eu\/wp-content\/uploads\/2020\/02\/IMG_20191123_173726-667x1024.jpg 667w, https:\/\/alexandregallery.eu\/wp-content\/uploads\/2020\/02\/IMG_20191123_173726-195x300.jpg 195w, https:\/\/alexandregallery.eu\/wp-content\/uploads\/2020\/02\/IMG_20191123_173726-768x1180.jpg 768w, https:\/\/alexandregallery.eu\/wp-content\/uploads\/2020\/02\/IMG_20191123_173726-1000x1536.jpg 1000w, https:\/\/alexandregallery.eu\/wp-content\/uploads\/2020\/02\/IMG_20191123_173726-1333x2048.jpg 1333w, https:\/\/alexandregallery.eu\/wp-content\/uploads\/2020\/02\/IMG_20191123_173726-scaled.jpg 1666w\" sizes=\"(max-width: 667px) 100vw, 667px\" \/><\/figure><\/li><li class=\"blocks-gallery-item\"><figure><img loading=\"lazy\" decoding=\"async\" width=\"651\" height=\"1024\" src=\"http:\/\/alexandregallery.eu\/wp-content\/uploads\/2020\/02\/IMG_20191123_173754-651x1024.jpg\" alt=\"\" data-id=\"22\" data-full-url=\"http:\/\/alexandregallery.eu\/wp-content\/uploads\/2020\/02\/IMG_20191123_173754-scaled.jpg\" data-link=\"http:\/\/alexandregallery.eu\/?attachment_id=22\" class=\"wp-image-22\" srcset=\"https:\/\/alexandregallery.eu\/wp-content\/uploads\/2020\/02\/IMG_20191123_173754-651x1024.jpg 651w, https:\/\/alexandregallery.eu\/wp-content\/uploads\/2020\/02\/IMG_20191123_173754-191x300.jpg 191w, https:\/\/alexandregallery.eu\/wp-content\/uploads\/2020\/02\/IMG_20191123_173754-768x1208.jpg 768w, https:\/\/alexandregallery.eu\/wp-content\/uploads\/2020\/02\/IMG_20191123_173754-977x1536.jpg 977w, https:\/\/alexandregallery.eu\/wp-content\/uploads\/2020\/02\/IMG_20191123_173754-1302x2048.jpg 1302w, https:\/\/alexandregallery.eu\/wp-content\/uploads\/2020\/02\/IMG_20191123_173754-scaled.jpg 1628w\" sizes=\"(max-width: 651px) 100vw, 651px\" \/><\/figure><\/li><\/ul><\/figure>\n<\/div>\n<\/div>\n\n\n\n<div style=\"height:40px\" aria-hidden=\"true\" class=\"wp-block-spacer\"><\/div>\n\n\n\n<div class=\"wp-block-columns is-layout-flex wp-container-core-columns-layout-2 wp-block-columns-is-layout-flex\">\n<div class=\"wp-block-column is-vertically-aligned-top is-layout-flow wp-block-column-is-layout-flow\">\n<p style=\"font-size:24px\"><strong>2006.10.13. <\/strong>\u2013 Exhibition in Handcraft Cellar and Gallery, Szeged, Hungary<\/p>\n<\/div>\n\n\n\n<div class=\"wp-block-column is-layout-flow wp-block-column-is-layout-flow\">\n<figure class=\"wp-block-gallery columns-2 is-cropped wp-block-gallery-2 is-layout-flex wp-block-gallery-is-layout-flex\"><ul class=\"blocks-gallery-grid\"><li class=\"blocks-gallery-item\"><figure><img loading=\"lazy\" decoding=\"async\" width=\"499\" height=\"1024\" src=\"http:\/\/alexandregallery.eu\/wp-content\/uploads\/2020\/04\/IMG_20191123_174300-499x1024.jpg\" alt=\"\" data-id=\"92\" data-link=\"http:\/\/alexandregallery.eu\/referenciak\/img_20191123_174300\/\" class=\"wp-image-92\" srcset=\"https:\/\/alexandregallery.eu\/wp-content\/uploads\/2020\/04\/IMG_20191123_174300-499x1024.jpg 499w, https:\/\/alexandregallery.eu\/wp-content\/uploads\/2020\/04\/IMG_20191123_174300-146x300.jpg 146w, https:\/\/alexandregallery.eu\/wp-content\/uploads\/2020\/04\/IMG_20191123_174300-768x1576.jpg 768w, https:\/\/alexandregallery.eu\/wp-content\/uploads\/2020\/04\/IMG_20191123_174300-749x1536.jpg 749w, https:\/\/alexandregallery.eu\/wp-content\/uploads\/2020\/04\/IMG_20191123_174300-998x2048.jpg 998w, https:\/\/alexandregallery.eu\/wp-content\/uploads\/2020\/04\/IMG_20191123_174300-scaled.jpg 1248w\" sizes=\"(max-width: 499px) 100vw, 499px\" \/><\/figure><\/li><li class=\"blocks-gallery-item\"><figure><img loading=\"lazy\" decoding=\"async\" width=\"488\" height=\"1024\" src=\"http:\/\/alexandregallery.eu\/wp-content\/uploads\/2020\/04\/IMG_20191123_174441-488x1024.jpg\" alt=\"\" data-id=\"93\" data-full-url=\"http:\/\/alexandregallery.eu\/wp-content\/uploads\/2020\/04\/IMG_20191123_174441-scaled.jpg\" data-link=\"http:\/\/alexandregallery.eu\/referenciak\/img_20191123_174441\/\" class=\"wp-image-93\" srcset=\"https:\/\/alexandregallery.eu\/wp-content\/uploads\/2020\/04\/IMG_20191123_174441-488x1024.jpg 488w, https:\/\/alexandregallery.eu\/wp-content\/uploads\/2020\/04\/IMG_20191123_174441-143x300.jpg 143w, https:\/\/alexandregallery.eu\/wp-content\/uploads\/2020\/04\/IMG_20191123_174441-768x1610.jpg 768w, https:\/\/alexandregallery.eu\/wp-content\/uploads\/2020\/04\/IMG_20191123_174441-733x1536.jpg 733w, https:\/\/alexandregallery.eu\/wp-content\/uploads\/2020\/04\/IMG_20191123_174441-977x2048.jpg 977w, https:\/\/alexandregallery.eu\/wp-content\/uploads\/2020\/04\/IMG_20191123_174441-scaled.jpg 1221w\" sizes=\"(max-width: 488px) 100vw, 488px\" \/><\/figure><\/li><\/ul><\/figure>\n<\/div>\n<\/div>\n\n\n\n<div style=\"height:40px\" aria-hidden=\"true\" class=\"wp-block-spacer\"><\/div>\n\n\n\n<div class=\"wp-block-columns is-layout-flex wp-container-core-columns-layout-3 wp-block-columns-is-layout-flex\">\n<div class=\"wp-block-column is-vertically-aligned-top is-layout-flow wp-block-column-is-layout-flow\">\n<p style=\"font-size:24px\"><strong>2007.05.24.<\/strong> - \u201dThe art of wood: marquetry and wood mosaic\u201d Exhibition, Szentes, Hungary<\/p>\n\n\n\n<p class=\"has-text-align-left\"><strong><em>Press release of exhibition: <\/em><\/strong> <\/p>\n\n\n\n<p class=\"has-text-align-left\">2007. m\u00e1rcius 30., \u201eSzentesi \u00e9let\u201d, 5. oldal <\/p>\n\n\n\n<figure class=\"wp-block-image size-large\"><img loading=\"lazy\" decoding=\"async\" width=\"478\" height=\"1024\" src=\"http:\/\/alexandregallery.eu\/wp-content\/uploads\/2020\/04\/IMG_20191123_175025-t\u00f6m.jpg\" alt=\"\" class=\"wp-image-118\" srcset=\"https:\/\/alexandregallery.eu\/wp-content\/uploads\/2020\/04\/IMG_20191123_175025-t\u00f6m.jpg 478w, https:\/\/alexandregallery.eu\/wp-content\/uploads\/2020\/04\/IMG_20191123_175025-t\u00f6m-140x300.jpg 140w\" sizes=\"(max-width: 478px) 100vw, 478px\" \/><\/figure>\n<\/div>\n\n\n\n<div class=\"wp-block-column is-layout-flow wp-block-column-is-layout-flow\">\n<figure class=\"wp-block-gallery columns-2 is-cropped wp-block-gallery-3 is-layout-flex wp-block-gallery-is-layout-flex\"><ul class=\"blocks-gallery-grid\"><li class=\"blocks-gallery-item\"><figure><img loading=\"lazy\" decoding=\"async\" width=\"726\" height=\"1024\" src=\"http:\/\/alexandregallery.eu\/wp-content\/uploads\/2020\/04\/IMG_20191123_174750-726x1024.jpg\" alt=\"\" data-id=\"95\" data-link=\"http:\/\/alexandregallery.eu\/referenciak\/img_20191123_174750\/\" class=\"wp-image-95\" srcset=\"https:\/\/alexandregallery.eu\/wp-content\/uploads\/2020\/04\/IMG_20191123_174750-726x1024.jpg 726w, https:\/\/alexandregallery.eu\/wp-content\/uploads\/2020\/04\/IMG_20191123_174750-213x300.jpg 213w, https:\/\/alexandregallery.eu\/wp-content\/uploads\/2020\/04\/IMG_20191123_174750-768x1083.jpg 768w, https:\/\/alexandregallery.eu\/wp-content\/uploads\/2020\/04\/IMG_20191123_174750-1089x1536.jpg 1089w, https:\/\/alexandregallery.eu\/wp-content\/uploads\/2020\/04\/IMG_20191123_174750-1453x2048.jpg 1453w, https:\/\/alexandregallery.eu\/wp-content\/uploads\/2020\/04\/IMG_20191123_174750.jpg 1776w\" sizes=\"(max-width: 726px) 100vw, 726px\" \/><\/figure><\/li><li class=\"blocks-gallery-item\"><figure><img loading=\"lazy\" decoding=\"async\" width=\"701\" height=\"1024\" src=\"http:\/\/alexandregallery.eu\/wp-content\/uploads\/2020\/04\/IMG_20191123_174758-701x1024.jpg\" alt=\"\" data-id=\"96\" data-full-url=\"http:\/\/alexandregallery.eu\/wp-content\/uploads\/2020\/04\/IMG_20191123_174758-scaled.jpg\" data-link=\"http:\/\/alexandregallery.eu\/referenciak\/img_20191123_174758\/\" class=\"wp-image-96\" srcset=\"https:\/\/alexandregallery.eu\/wp-content\/uploads\/2020\/04\/IMG_20191123_174758-701x1024.jpg 701w, https:\/\/alexandregallery.eu\/wp-content\/uploads\/2020\/04\/IMG_20191123_174758-205x300.jpg 205w, https:\/\/alexandregallery.eu\/wp-content\/uploads\/2020\/04\/IMG_20191123_174758-768x1121.jpg 768w, https:\/\/alexandregallery.eu\/wp-content\/uploads\/2020\/04\/IMG_20191123_174758-1052x1536.jpg 1052w, https:\/\/alexandregallery.eu\/wp-content\/uploads\/2020\/04\/IMG_20191123_174758-1403x2048.jpg 1403w, https:\/\/alexandregallery.eu\/wp-content\/uploads\/2020\/04\/IMG_20191123_174758-scaled.jpg 1753w\" sizes=\"(max-width: 701px) 100vw, 701px\" \/><\/figure><\/li><\/ul><\/figure>\n<\/div>\n<\/div>\n\n\n\n<hr class=\"wp-block-separator is-style-wide\"\/>\n\n\n\n<div style=\"height:40px\" aria-hidden=\"true\" class=\"wp-block-spacer\"><\/div>\n\n\n\n<h1 class=\"has-text-align-center wp-block-heading\">Exhibition participations<\/h1>\n\n\n\n<div style=\"height:50px\" aria-hidden=\"true\" class=\"wp-block-spacer\"><\/div>\n\n\n\n<div class=\"wp-block-columns is-layout-flex wp-container-core-columns-layout-4 wp-block-columns-is-layout-flex\">\n<div class=\"wp-block-column is-vertically-aligned-top is-layout-flow wp-block-column-is-layout-flow\">\n<p style=\"font-size:24px\"><strong>2004.11.27.<\/strong> \u2013 Competition of Arts \u201eI know this\u201d, 2th Exhibitory, Szegv\u00e1r, Hungary<\/p>\n<\/div>\n\n\n\n<div class=\"wp-block-column is-layout-flow wp-block-column-is-layout-flow\">\n<figure class=\"wp-block-gallery columns-2 is-cropped wp-block-gallery-4 is-layout-flex wp-block-gallery-is-layout-flex\"><ul class=\"blocks-gallery-grid\"><li class=\"blocks-gallery-item\"><figure><img loading=\"lazy\" decoding=\"async\" width=\"711\" height=\"1024\" src=\"http:\/\/alexandregallery.eu\/wp-content\/uploads\/2020\/04\/IMG_20191123_174022-711x1024.jpg\" alt=\"\" data-id=\"108\" data-link=\"http:\/\/alexandregallery.eu\/referenciak\/img_20191123_174022\/\" class=\"wp-image-108\" srcset=\"https:\/\/alexandregallery.eu\/wp-content\/uploads\/2020\/04\/IMG_20191123_174022-711x1024.jpg 711w, https:\/\/alexandregallery.eu\/wp-content\/uploads\/2020\/04\/IMG_20191123_174022-208x300.jpg 208w, https:\/\/alexandregallery.eu\/wp-content\/uploads\/2020\/04\/IMG_20191123_174022-768x1106.jpg 768w, https:\/\/alexandregallery.eu\/wp-content\/uploads\/2020\/04\/IMG_20191123_174022-1066x1536.jpg 1066w, https:\/\/alexandregallery.eu\/wp-content\/uploads\/2020\/04\/IMG_20191123_174022-1422x2048.jpg 1422w, https:\/\/alexandregallery.eu\/wp-content\/uploads\/2020\/04\/IMG_20191123_174022-scaled.jpg 1777w\" sizes=\"(max-width: 711px) 100vw, 711px\" \/><\/figure><\/li><li class=\"blocks-gallery-item\"><figure><img loading=\"lazy\" decoding=\"async\" width=\"705\" height=\"1024\" src=\"http:\/\/alexandregallery.eu\/wp-content\/uploads\/2020\/04\/IMG_20191123_174039-705x1024.jpg\" alt=\"\" data-id=\"109\" data-link=\"http:\/\/alexandregallery.eu\/referenciak\/img_20191123_174039\/\" class=\"wp-image-109\" srcset=\"https:\/\/alexandregallery.eu\/wp-content\/uploads\/2020\/04\/IMG_20191123_174039-705x1024.jpg 705w, https:\/\/alexandregallery.eu\/wp-content\/uploads\/2020\/04\/IMG_20191123_174039-207x300.jpg 207w, https:\/\/alexandregallery.eu\/wp-content\/uploads\/2020\/04\/IMG_20191123_174039-768x1115.jpg 768w, https:\/\/alexandregallery.eu\/wp-content\/uploads\/2020\/04\/IMG_20191123_174039-1058x1536.jpg 1058w, https:\/\/alexandregallery.eu\/wp-content\/uploads\/2020\/04\/IMG_20191123_174039-1411x2048.jpg 1411w, https:\/\/alexandregallery.eu\/wp-content\/uploads\/2020\/04\/IMG_20191123_174039-scaled.jpg 1763w\" sizes=\"(max-width: 705px) 100vw, 705px\" \/><\/figure><\/li><\/ul><\/figure>\n\n\n\n<figure class=\"wp-block-image size-large\"><img loading=\"lazy\" decoding=\"async\" width=\"1024\" height=\"717\" src=\"http:\/\/alexandregallery.eu\/wp-content\/uploads\/2020\/04\/IMG_20191124_092816-1-1024x717.jpg\" alt=\"\" class=\"wp-image-111\" srcset=\"https:\/\/alexandregallery.eu\/wp-content\/uploads\/2020\/04\/IMG_20191124_092816-1-1024x717.jpg 1024w, https:\/\/alexandregallery.eu\/wp-content\/uploads\/2020\/04\/IMG_20191124_092816-1-300x210.jpg 300w, https:\/\/alexandregallery.eu\/wp-content\/uploads\/2020\/04\/IMG_20191124_092816-1-768x538.jpg 768w, https:\/\/alexandregallery.eu\/wp-content\/uploads\/2020\/04\/IMG_20191124_092816-1-1536x1076.jpg 1536w, https:\/\/alexandregallery.eu\/wp-content\/uploads\/2020\/04\/IMG_20191124_092816-1-2048x1434.jpg 2048w\" sizes=\"(max-width: 1024px) 100vw, 1024px\" \/><\/figure>\n<\/div>\n<\/div>\n\n\n\n<div style=\"height:40px\" aria-hidden=\"true\" class=\"wp-block-spacer\"><\/div>\n\n\n\n<div class=\"wp-block-columns is-layout-flex wp-container-core-columns-layout-5 wp-block-columns-is-layout-flex\">\n<div class=\"wp-block-column is-vertically-aligned-top is-layout-flow wp-block-column-is-layout-flow\">\n<p style=\"font-size:24px\"><strong>2005.05.01.<\/strong> \u2013 2th Exhibitory of Artists in Szegv\u00e1r region, Szegv\u00e1r, Hungary<\/p>\n<\/div>\n\n\n\n<div class=\"wp-block-column is-layout-flow wp-block-column-is-layout-flow\">\n<figure class=\"wp-block-gallery columns-2 is-cropped wp-block-gallery-5 is-layout-flex wp-block-gallery-is-layout-flex\"><ul class=\"blocks-gallery-grid\"><li class=\"blocks-gallery-item\"><figure><img loading=\"lazy\" decoding=\"async\" width=\"314\" height=\"448\" src=\"http:\/\/alexandregallery.eu\/wp-content\/uploads\/2020\/04\/IMG_20191123_174054-t\u00f6m-1.jpg\" alt=\"\" data-id=\"115\" data-link=\"http:\/\/alexandregallery.eu\/referenciak\/img_20191123_174054-tom-1\/\" class=\"wp-image-115\" srcset=\"https:\/\/alexandregallery.eu\/wp-content\/uploads\/2020\/04\/IMG_20191123_174054-t\u00f6m-1.jpg 314w, https:\/\/alexandregallery.eu\/wp-content\/uploads\/2020\/04\/IMG_20191123_174054-t\u00f6m-1-210x300.jpg 210w\" sizes=\"(max-width: 314px) 100vw, 314px\" \/><\/figure><\/li><li class=\"blocks-gallery-item\"><figure><img loading=\"lazy\" decoding=\"async\" width=\"318\" height=\"448\" src=\"http:\/\/alexandregallery.eu\/wp-content\/uploads\/2020\/04\/IMG_20191123_175142-t\u00f6m.jpg\" alt=\"\" data-id=\"116\" data-full-url=\"http:\/\/alexandregallery.eu\/wp-content\/uploads\/2020\/04\/IMG_20191123_175142-t\u00f6m.jpg\" data-link=\"http:\/\/alexandregallery.eu\/referenciak\/img_20191123_175142-tom\/\" class=\"wp-image-116\" srcset=\"https:\/\/alexandregallery.eu\/wp-content\/uploads\/2020\/04\/IMG_20191123_175142-t\u00f6m.jpg 318w, https:\/\/alexandregallery.eu\/wp-content\/uploads\/2020\/04\/IMG_20191123_175142-t\u00f6m-213x300.jpg 213w\" sizes=\"(max-width: 318px) 100vw, 318px\" \/><\/figure><\/li><\/ul><\/figure>\n<\/div>\n<\/div>\n\n\n\n<div style=\"height:40px\" aria-hidden=\"true\" class=\"wp-block-spacer\"><\/div>\n\n\n\n<div class=\"wp-block-columns is-layout-flex wp-container-core-columns-layout-6 wp-block-columns-is-layout-flex\">\n<div class=\"wp-block-column is-vertically-aligned-top is-layout-flow wp-block-column-is-layout-flow\">\n<p style=\"font-size:24px\"><strong>2006.10.06.<\/strong> \u2013 \u201eM\u0171v\u00e9szet hat\u00e1rok n\u00e9lk\u00fcl\u201d ki\u00e1ll\u00edt\u00e1s, Szeged<\/p>\n\n\n\n<p class=\"has-text-align-left\"><strong><em>Postcard (based on certain pictures of exhibition): <\/em> <\/strong><\/p>\n\n\n\n<p class=\"has-text-align-left\">The marked section of postcard is the artwork with title of Sword of God.<\/p>\n\n\n\n<figure class=\"wp-block-image size-large\"><img loading=\"lazy\" decoding=\"async\" width=\"1024\" height=\"739\" src=\"http:\/\/alexandregallery.eu\/wp-content\/uploads\/2020\/04\/IMG_20191123_174208-t\u00f6m-1.jpg\" alt=\"\" class=\"wp-image-125\" srcset=\"https:\/\/alexandregallery.eu\/wp-content\/uploads\/2020\/04\/IMG_20191123_174208-t\u00f6m-1.jpg 1024w, https:\/\/alexandregallery.eu\/wp-content\/uploads\/2020\/04\/IMG_20191123_174208-t\u00f6m-1-300x217.jpg 300w, https:\/\/alexandregallery.eu\/wp-content\/uploads\/2020\/04\/IMG_20191123_174208-t\u00f6m-1-768x554.jpg 768w\" sizes=\"(max-width: 1024px) 100vw, 1024px\" \/><\/figure>\n<\/div>\n\n\n\n<div class=\"wp-block-column is-layout-flow wp-block-column-is-layout-flow\">\n<figure class=\"wp-block-gallery columns-2 is-cropped wp-block-gallery-6 is-layout-flex wp-block-gallery-is-layout-flex\"><ul class=\"blocks-gallery-grid\"><li class=\"blocks-gallery-item\"><figure><img loading=\"lazy\" decoding=\"async\" width=\"696\" height=\"1024\" src=\"http:\/\/alexandregallery.eu\/wp-content\/uploads\/2020\/04\/IMG_20191123_174128-696x1024.jpg\" alt=\"\" data-id=\"120\" data-link=\"http:\/\/alexandregallery.eu\/referenciak\/img_20191123_174128\/\" class=\"wp-image-120\" srcset=\"https:\/\/alexandregallery.eu\/wp-content\/uploads\/2020\/04\/IMG_20191123_174128-696x1024.jpg 696w, https:\/\/alexandregallery.eu\/wp-content\/uploads\/2020\/04\/IMG_20191123_174128-204x300.jpg 204w, https:\/\/alexandregallery.eu\/wp-content\/uploads\/2020\/04\/IMG_20191123_174128-768x1131.jpg 768w, https:\/\/alexandregallery.eu\/wp-content\/uploads\/2020\/04\/IMG_20191123_174128-1043x1536.jpg 1043w, https:\/\/alexandregallery.eu\/wp-content\/uploads\/2020\/04\/IMG_20191123_174128-1391x2048.jpg 1391w, https:\/\/alexandregallery.eu\/wp-content\/uploads\/2020\/04\/IMG_20191123_174128.jpg 1521w\" sizes=\"(max-width: 696px) 100vw, 696px\" \/><\/figure><\/li><li class=\"blocks-gallery-item\"><figure><img loading=\"lazy\" decoding=\"async\" width=\"684\" height=\"1024\" src=\"http:\/\/alexandregallery.eu\/wp-content\/uploads\/2020\/04\/IMG_20191123_174140-1-684x1024.jpg\" alt=\"\" data-id=\"122\" data-full-url=\"http:\/\/alexandregallery.eu\/wp-content\/uploads\/2020\/04\/IMG_20191123_174140-1-scaled.jpg\" data-link=\"http:\/\/alexandregallery.eu\/referenciak\/img_20191123_174140-1\/\" class=\"wp-image-122\" srcset=\"https:\/\/alexandregallery.eu\/wp-content\/uploads\/2020\/04\/IMG_20191123_174140-1-684x1024.jpg 684w, https:\/\/alexandregallery.eu\/wp-content\/uploads\/2020\/04\/IMG_20191123_174140-1-200x300.jpg 200w, https:\/\/alexandregallery.eu\/wp-content\/uploads\/2020\/04\/IMG_20191123_174140-1-768x1150.jpg 768w, https:\/\/alexandregallery.eu\/wp-content\/uploads\/2020\/04\/IMG_20191123_174140-1-1026x1536.jpg 1026w, https:\/\/alexandregallery.eu\/wp-content\/uploads\/2020\/04\/IMG_20191123_174140-1-1368x2048.jpg 1368w, https:\/\/alexandregallery.eu\/wp-content\/uploads\/2020\/04\/IMG_20191123_174140-1-scaled.jpg 1710w\" sizes=\"(max-width: 684px) 100vw, 684px\" \/><\/figure><\/li><\/ul><\/figure>\n<\/div>\n<\/div>\n\n\n\n<div style=\"height:40px\" aria-hidden=\"true\" class=\"wp-block-spacer\"><\/div>\n\n\n\n<div class=\"wp-block-columns is-layout-flex wp-container-core-columns-layout-7 wp-block-columns-is-layout-flex\">\n<div class=\"wp-block-column is-vertically-aligned-top is-layout-flow wp-block-column-is-layout-flow\">\n<p style=\"font-size:24px\"><strong>2007.01.16.<\/strong> \u2013 \u201eWoodworks\u201d exhibition, Competition of Arts  \u201eI know this\u201d, 3th Exhibitory, Szegv\u00e1r, Hungary<\/p>\n<\/div>\n\n\n\n<div class=\"wp-block-column is-layout-flow wp-block-column-is-layout-flow\">\n<figure class=\"wp-block-gallery columns-2 is-cropped wp-block-gallery-7 is-layout-flex wp-block-gallery-is-layout-flex\"><ul class=\"blocks-gallery-grid\"><li class=\"blocks-gallery-item\"><figure><img loading=\"lazy\" decoding=\"async\" width=\"722\" height=\"1024\" src=\"http:\/\/alexandregallery.eu\/wp-content\/uploads\/2020\/04\/IMG_20191123_174638-722x1024.jpg\" alt=\"\" data-id=\"131\" data-link=\"http:\/\/alexandregallery.eu\/referenciak\/img_20191123_174638\/\" class=\"wp-image-131\" srcset=\"https:\/\/alexandregallery.eu\/wp-content\/uploads\/2020\/04\/IMG_20191123_174638-722x1024.jpg 722w, https:\/\/alexandregallery.eu\/wp-content\/uploads\/2020\/04\/IMG_20191123_174638-211x300.jpg 211w, https:\/\/alexandregallery.eu\/wp-content\/uploads\/2020\/04\/IMG_20191123_174638-768x1090.jpg 768w, https:\/\/alexandregallery.eu\/wp-content\/uploads\/2020\/04\/IMG_20191123_174638-1082x1536.jpg 1082w, https:\/\/alexandregallery.eu\/wp-content\/uploads\/2020\/04\/IMG_20191123_174638-1443x2048.jpg 1443w, https:\/\/alexandregallery.eu\/wp-content\/uploads\/2020\/04\/IMG_20191123_174638-scaled.jpg 1804w\" sizes=\"(max-width: 722px) 100vw, 722px\" \/><\/figure><\/li><li class=\"blocks-gallery-item\"><figure><img loading=\"lazy\" decoding=\"async\" width=\"671\" height=\"1024\" src=\"http:\/\/alexandregallery.eu\/wp-content\/uploads\/2020\/04\/IMG_20191123_174625-1-671x1024.jpg\" alt=\"\" data-id=\"133\" data-full-url=\"http:\/\/alexandregallery.eu\/wp-content\/uploads\/2020\/04\/IMG_20191123_174625-1-scaled.jpg\" data-link=\"http:\/\/alexandregallery.eu\/referenciak\/img_20191123_174625-1\/\" class=\"wp-image-133\" srcset=\"https:\/\/alexandregallery.eu\/wp-content\/uploads\/2020\/04\/IMG_20191123_174625-1-671x1024.jpg 671w, https:\/\/alexandregallery.eu\/wp-content\/uploads\/2020\/04\/IMG_20191123_174625-1-197x300.jpg 197w, https:\/\/alexandregallery.eu\/wp-content\/uploads\/2020\/04\/IMG_20191123_174625-1-768x1171.jpg 768w, https:\/\/alexandregallery.eu\/wp-content\/uploads\/2020\/04\/IMG_20191123_174625-1-1007x1536.jpg 1007w, https:\/\/alexandregallery.eu\/wp-content\/uploads\/2020\/04\/IMG_20191123_174625-1-1343x2048.jpg 1343w, https:\/\/alexandregallery.eu\/wp-content\/uploads\/2020\/04\/IMG_20191123_174625-1-scaled.jpg 1678w\" sizes=\"(max-width: 671px) 100vw, 671px\" \/><\/figure><\/li><\/ul><\/figure>\n<\/div>\n<\/div>\n\n\n\n<div style=\"height:40px\" aria-hidden=\"true\" class=\"wp-block-spacer\"><\/div>\n\n\n\n<div class=\"wp-block-columns is-layout-flex wp-container-core-columns-layout-8 wp-block-columns-is-layout-flex\">\n<div class=\"wp-block-column is-vertically-aligned-top is-layout-flow wp-block-column-is-layout-flow\">\n<p style=\"font-size:24px\"><strong>2007.05.01. <\/strong>\u2013 3th Exhibitory of Artists in Szegv\u00e1r region, Szegv\u00e1r, Hungary <\/p>\n<\/div>\n\n\n\n<div class=\"wp-block-column is-layout-flow wp-block-column-is-layout-flow\">\n<figure class=\"wp-block-gallery columns-1 is-cropped wp-block-gallery-8 is-layout-flex wp-block-gallery-is-layout-flex\"><ul class=\"blocks-gallery-grid\"><li class=\"blocks-gallery-item\"><figure><img loading=\"lazy\" decoding=\"async\" width=\"752\" height=\"1024\" src=\"http:\/\/alexandregallery.eu\/wp-content\/uploads\/2020\/04\/IMG_20191123_175109-752x1024.jpg\" alt=\"\" data-id=\"134\" data-full-url=\"http:\/\/alexandregallery.eu\/wp-content\/uploads\/2020\/04\/IMG_20191123_175109-scaled.jpg\" data-link=\"http:\/\/alexandregallery.eu\/referenciak\/img_20191123_175109\/\" class=\"wp-image-134\" srcset=\"https:\/\/alexandregallery.eu\/wp-content\/uploads\/2020\/04\/IMG_20191123_175109-752x1024.jpg 752w, https:\/\/alexandregallery.eu\/wp-content\/uploads\/2020\/04\/IMG_20191123_175109-220x300.jpg 220w, https:\/\/alexandregallery.eu\/wp-content\/uploads\/2020\/04\/IMG_20191123_175109-768x1046.jpg 768w, https:\/\/alexandregallery.eu\/wp-content\/uploads\/2020\/04\/IMG_20191123_175109-1128x1536.jpg 1128w, https:\/\/alexandregallery.eu\/wp-content\/uploads\/2020\/04\/IMG_20191123_175109-1504x2048.jpg 1504w, https:\/\/alexandregallery.eu\/wp-content\/uploads\/2020\/04\/IMG_20191123_175109-scaled.jpg 1880w\" sizes=\"(max-width: 752px) 100vw, 752px\" \/><\/figure><\/li><\/ul><\/figure>\n<\/div>\n<\/div>\n\n\n\n<div style=\"height:50px\" aria-hidden=\"true\" class=\"wp-block-spacer\"><\/div>\n\n\n\n<p><\/p>","protected":false},"excerpt":{"rendered":"<p>\u00d6n\u00e1ll\u00f3 ki\u00e1ll\u00edt\u00e1sok 1998.10.19.\u2013 \u201eIntarzia \u00e9s famozaik k\u00e9pek\u201d ki\u00e1ll\u00edt\u00e1s, H\u00f3dmez\u0151v\u00e1s\u00e1rhely Sajt\u00f3 megjelen\u00e9s a ki\u00e1ll\u00edt\u00e1ssal kapcsolatosan: D\u00e9lvil\u00e1g, 1998 2006.10.13. \u2013 Ki\u00e1ll\u00edt\u00e1s a K\u00e9zm\u0171ves Pince \u00e9s Gal\u00e9ri\u00e1ban, Szeged 2007.05.24. \u2013 \u201eA fa m\u0171v\u00e9szete: intarzia \u00e9s famozaik\u201d ki\u00e1ll\u00edt\u00e1s, Szentes Sajt\u00f3 megjelen\u00e9s a ki\u00e1ll\u00edt\u00e1ssal kapcsolatosan: 2007. m\u00e1rcius 30., \u201eSzentesi \u00e9let\u201d, 5. oldal Ki\u00e1ll\u00edt\u00e1s r\u00e9szv\u00e9telek 2004.11.27. [&hellip;]<\/p>","protected":false},"author":1,"featured_media":0,"parent":0,"menu_order":0,"comment_status":"closed","ping_status":"closed","template":"","meta":{"footnotes":""},"_links":{"self":[{"href":"http:\/\/alexandregallery.eu\/en\/wp-json\/wp\/v2\/pages\/20"}],"collection":[{"href":"http:\/\/alexandregallery.eu\/en\/wp-json\/wp\/v2\/pages"}],"about":[{"href":"http:\/\/alexandregallery.eu\/en\/wp-json\/wp\/v2\/types\/page"}],"author":[{"embeddable":true,"href":"http:\/\/alexandregallery.eu\/en\/wp-json\/wp\/v2\/users\/1"}],"replies":[{"embeddable":true,"href":"http:\/\/alexandregallery.eu\/en\/wp-json\/wp\/v2\/comments?post=20"}],"version-history":[{"count":35,"href":"http:\/\/alexandregallery.eu\/en\/wp-json\/wp\/v2\/pages\/20\/revisions"}],"predecessor-version":[{"id":474,"href":"http:\/\/alexandregallery.eu\/en\/wp-json\/wp\/v2\/pages\/20\/revisions\/474"}],"wp:attachment":[{"href":"http:\/\/alexandregallery.eu\/en\/wp-json\/wp\/v2\/media?parent=20"}],"curies":[{"name":"wp","href":"https:\/\/api.w.org\/{rel}","templated":true}]}}